{"id":60,"date":"2017-05-10T23:35:34","date_gmt":"2017-05-10T23:35:34","guid":{"rendered":"http:\/\/fl.opela.cz\/?page_id=60"},"modified":"2017-05-11T08:32:17","modified_gmt":"2017-05-11T08:32:17","slug":"kalkulace-dopravy","status":"publish","type":"page","link":"https:\/\/www.flexilog.cz\/en\/nase-sluzby\/kalkulace-dopravy\/","title":{"rendered":"Price calculation"},"content":{"rendered":"<p><div role=\"form\" class=\"wpcf7\" id=\"wpcf7-f57-o1\" lang=\"en-US\" dir=\"ltr\">\n<div class=\"screen-reader-response\"><p role=\"status\" aria-live=\"polite\" aria-atomic=\"true\"><\/p> <ul><\/ul><\/div>\n<form action=\"\/en\/wp-json\/wp\/v2\/pages\/60#wpcf7-f57-o1\" method=\"post\" class=\"wpcf7-form init\" novalidate=\"novalidate\" data-status=\"init\">\n<div style=\"display: none;\">\n<input type=\"hidden\" name=\"_wpcf7\" value=\"57\" \/>\n<input type=\"hidden\" name=\"_wpcf7_version\" value=\"5.4\" \/>\n<input type=\"hidden\" name=\"_wpcf7_locale\" value=\"en_US\" \/>\n<input type=\"hidden\" name=\"_wpcf7_unit_tag\" value=\"wpcf7-f57-o1\" \/>\n<input type=\"hidden\" name=\"_wpcf7_container_post\" value=\"0\" \/>\n<input type=\"hidden\" name=\"_wpcf7_posted_data_hash\" value=\"\" \/>\n<\/div>\n<article class=\"form-horizontal\">\n<h2>Odkud<\/h2>\n<div class=\"form-group\">\n        <label for=\"f-city\" class=\"col-sm-offset-1 col-sm-2 control-label\">M\u011bsto *<\/label><\/p>\n<div class=\"col-sm-6\">\n            <span class=\"wpcf7-form-control-wrap from-city\"><input type=\"text\" name=\"from-city\" value=\"\" size=\"40\" class=\"wpcf7-form-control wpcf7-text wpcf7-validates-as-required form-control\" id=\"f-city\" aria-required=\"true\" aria-invalid=\"false\" placeholder=\"N\u00e1zev m\u011bsta kde m\u00e1me vyzvednout z\u00e1silku\" \/><\/span>\n        <\/div>\n<\/div>\n<div class=\"form-group\">\n        <label for=\"f-zip\" class=\"col-sm-offset-1 col-sm-2 control-label\">PS\u010c *<\/label><\/p>\n<div class=\"col-sm-6\">\n            <span class=\"wpcf7-form-control-wrap from-zip\"><input type=\"text\" name=\"from-zip\" value=\"\" size=\"40\" class=\"wpcf7-form-control wpcf7-text wpcf7-validates-as-required form-control\" id=\"f-zip\" aria-required=\"true\" aria-invalid=\"false\" placeholder=\"Zadejte po\u0161tovn\u00ed sm\u011brovac\u00ed \u010d\u00edslo\" \/><\/span>\n        <\/div>\n<\/div>\n<div class=\"form-group\">\n        <label for=\"f-country\" class=\"col-sm-offset-1 col-sm-2 control-label\">Zem\u011b *<\/label><\/p>\n<div class=\"col-sm-6\">\n            <select id=\"f-country\" name=\"from-country\" class=\"input-medium form-control bfh-countries\" data-country=\"CZ\"><\/select>\n        <\/div>\n<\/div>\n<div class=\"form-group\">\n        <label for=\"f-departure\" class=\"col-sm-offset-1 col-sm-2 control-label\">Datum odesl\u00e1n\u00ed*<\/label><\/p>\n<div class=\"col-sm-6\">\n<div class=\"input-group datetimepicker\">\n                <span class=\"wpcf7-form-control-wrap from-departure\"><input type=\"text\" name=\"from-departure\" value=\"\" size=\"40\" class=\"wpcf7-form-control wpcf7-text wpcf7-validates-as-required form-control\" id=\"f-departure\" aria-required=\"true\" aria-invalid=\"false\" placeholder=\"Vyberte datum po\u017eadovan\u00e9ho vyzvednut\u00ed\" \/><\/span><br \/>\n                <span class=\"input-group-addon\"><span class=\"glyphicon glyphicon-calendar\" type=\"button\"><\/span><\/span>\n            <\/div>\n<\/div>\n<\/div>\n<h2>Kam<\/h2>\n<div class=\"form-group\">\n        <label for=\"w-city\" class=\"col-sm-offset-1 col-sm-2 control-label\">M\u011bsto *<\/label><\/p>\n<div class=\"col-sm-6\">\n            <span class=\"wpcf7-form-control-wrap wherever-city\"><input type=\"text\" name=\"wherever-city\" value=\"\" size=\"40\" class=\"wpcf7-form-control wpcf7-text wpcf7-validates-as-required form-control\" id=\"w-city\" aria-required=\"true\" aria-invalid=\"false\" placeholder=\"N\u00e1zev m\u011bsta kam m\u00e1me z\u00e1silku doru\u010dit\" \/><\/span>\n        <\/div>\n<\/div>\n<div class=\"form-group\">\n        <label for=\"w-zip\" class=\"col-sm-offset-1 col-sm-2 control-label\">PS\u010c *<\/label><\/p>\n<div class=\"col-sm-6\">\n            <span class=\"wpcf7-form-control-wrap wherever-zip\"><input type=\"text\" name=\"wherever-zip\" value=\"\" size=\"40\" class=\"wpcf7-form-control wpcf7-text wpcf7-validates-as-required form-control\" id=\"w-zip\" aria-required=\"true\" aria-invalid=\"false\" placeholder=\"Zadejte po\u0161tovn\u00ed sm\u011brovac\u00ed \u010d\u00edslo\" \/><\/span>\n        <\/div>\n<\/div>\n<div class=\"form-group\">\n        <label for=\"w-country\" class=\"col-sm-offset-1 col-sm-2 control-label\">Zem\u011b *<\/label><\/p>\n<div class=\"col-sm-6\">\n            <select id=\"w-country\" name=\"wherever-country\" class=\"input-medium form-control bfh-countries\" data-country=\"CZ\"><\/select>\n        <\/div>\n<\/div>\n<div class=\"form-group\">\n        <label for=\"w-delivery\" class=\"col-sm-offset-1 col-sm-2 control-label\">Datum doru\u010den\u00ed *<\/label><\/p>\n<div class=\"col-sm-6\">\n<div class=\"input-group datetimepicker\">\n                <span class=\"wpcf7-form-control-wrap wherever-delivery\"><input type=\"text\" name=\"wherever-delivery\" value=\"\" size=\"40\" class=\"wpcf7-form-control wpcf7-text wpcf7-validates-as-required form-control\" id=\"w-delivery\" aria-required=\"true\" aria-invalid=\"false\" placeholder=\"Vyberte datum po\u017eadovan\u00e9ho doru\u010den\u00ed\" \/><\/span><br \/>\n                <span class=\"input-group-addon\"><span class=\"glyphicon glyphicon-calendar\" type=\"button\"><\/span><\/span>\n            <\/div>\n<\/div>\n<\/div>\n<h2>P\u0159epravovan\u00e9 zbo\u017e\u00ed<\/h2>\n<div class=\"form-group\">\n        <label for=\"g-type\" class=\"col-sm-offset-1 col-sm-2 control-label\">Druh zbo\u017e\u00ed *<\/label><\/p>\n<div class=\"col-sm-6\">\n            <span class=\"wpcf7-form-control-wrap goods-type\"><input type=\"text\" name=\"goods-type\" value=\"\" size=\"40\" class=\"wpcf7-form-control wpcf7-text wpcf7-validates-as-required form-control\" id=\"g-type\" aria-required=\"true\" aria-invalid=\"false\" placeholder=\"Uve\u010fte jak\u00fd druh zbo\u017e\u00ed budeme p\u0159epravovat\" \/><\/span>\n        <\/div>\n<\/div>\n<div class=\"form-group\">\n        <label for=\"g-packaging\" class=\"col-sm-offset-1 col-sm-2 control-label\">Typ balen\u00ed *<\/label><\/p>\n<div class=\"col-sm-6\">\n            <span class=\"wpcf7-form-control-wrap goods-packaging\"><input type=\"text\" name=\"goods-packaging\" value=\"\" size=\"40\" class=\"wpcf7-form-control wpcf7-text wpcf7-validates-as-required form-control\" id=\"g-packaging\" aria-required=\"true\" aria-invalid=\"false\" placeholder=\"Uve\u010fte jak je z\u00e1silka zabalena\" \/><\/span>\n        <\/div>\n<\/div>\n<div class=\"form-group\">\n        <label for=\"g-amount\" class=\"col-sm-offset-1 col-sm-2 control-label\">Mno\u017estv\u00ed *<\/label><\/p>\n<div class=\"col-sm-6\">\n            <span class=\"wpcf7-form-control-wrap goods-amount\"><input type=\"text\" name=\"goods-amount\" value=\"\" size=\"40\" class=\"wpcf7-form-control wpcf7-text wpcf7-validates-as-required form-control\" id=\"g-amount\" aria-required=\"true\" aria-invalid=\"false\" placeholder=\"Uvedte po\u010det bal\u00edk\u016f\" \/><\/span>\n        <\/div>\n<\/div>\n<div class=\"form-group\">\n        <label for=\"g-size\" class=\"col-sm-offset-1 col-sm-2 control-label\">Rozm\u011bry (\u0161*v*h) *<\/label><\/p>\n<div class=\"col-sm-6\">\n            <span class=\"wpcf7-form-control-wrap goods-size\"><input type=\"text\" name=\"goods-size\" value=\"\" size=\"40\" class=\"wpcf7-form-control wpcf7-text wpcf7-validates-as-required form-control\" id=\"g-size\" aria-required=\"true\" aria-invalid=\"false\" placeholder=\"Uve\u010fte rozm\u011bry z\u00e1silky\" \/><\/span>\n        <\/div>\n<\/div>\n<div class=\"form-group\">\n        <label for=\"g-weight\" class=\"col-sm-offset-1 col-sm-2 control-label\">Celkov\u00e1 v\u00e1ha *<\/label><\/p>\n<div class=\"col-sm-6\">\n            <span class=\"wpcf7-form-control-wrap goods-weight\"><input type=\"text\" name=\"goods-weight\" value=\"\" size=\"40\" class=\"wpcf7-form-control wpcf7-text wpcf7-validates-as-required form-control\" id=\"g-weight\" aria-required=\"true\" aria-invalid=\"false\" placeholder=\"Uve\u010fte celkovou v\u00e1hu z\u00e1silky\" \/><\/span>\n        <\/div>\n<\/div>\n<div class=\"form-group\">\n        <label for=\"g-volume\" class=\"col-sm-offset-1 col-sm-2 control-label\">Objem z\u00e1silky *<\/label><\/p>\n<div class=\"col-sm-6\">\n            <span class=\"wpcf7-form-control-wrap goods-volume\"><input type=\"text\" name=\"goods-volume\" value=\"\" size=\"40\" class=\"wpcf7-form-control wpcf7-text wpcf7-validates-as-required form-control\" id=\"g-volume\" aria-required=\"true\" aria-invalid=\"false\" placeholder=\"Uve\u010fte objem z\u00e1silky\" \/><\/span>\n        <\/div>\n<\/div>\n<h2>Dopl\u0148uj\u00edc\u00ed informace k z\u00e1silce<\/h2>\n<div class=\"form-group\">\n<div class=\"col-xs-12\">\n            <textarea rows=\"8\" name=\"message\" id=\"message\" placeholder=\"Zde n\u00e1m m\u016f\u017eete napsat dal\u0161\u00ed up\u0159es\u0148uj\u00edc\u00ed informace o z\u00e1silce nebo n\u00e1m polo\u017eit dopl\u0148uj\u00edc\u00ed dotazy.\" class=\"form-control\"><\/textarea>\n        <\/div>\n<\/div>\n<h2>Jak v\u00e1s m\u016f\u017eeme kontaktovat<\/h2>\n<div class=\"form-group\">\n        <label for=\"phone\" class=\"col-sm-offset-1 col-sm-2 control-label\">Telefonn\u00ed \u010d\u00edslo *<\/label><\/p>\n<div class=\"col-sm-6\">\n            <span class=\"wpcf7-form-control-wrap phone\"><input type=\"tel\" name=\"phone\" value=\"\" size=\"40\" class=\"wpcf7-form-control wpcf7-text wpcf7-tel wpcf7-validates-as-required wpcf7-validates-as-tel form-control\" id=\"phone\" aria-required=\"true\" aria-invalid=\"false\" placeholder=\"Zadejte va\u0161e telefonn\u00ed \u010d\u00edslo\" \/><\/span>\n        <\/div>\n<\/div>\n<div class=\"form-group\">\n        <label for=\"email\" class=\"col-sm-offset-1 col-sm-2 control-label\">Emailov\u00e1 adresa *<\/label><\/p>\n<div class=\"col-sm-6\">\n            <span class=\"wpcf7-form-control-wrap email\"><input type=\"email\" name=\"email\" value=\"\" size=\"40\" class=\"wpcf7-form-control wpcf7-text wpcf7-email wpcf7-validates-as-required wpcf7-validates-as-email form-control\" id=\"email\" aria-required=\"true\" aria-invalid=\"false\" placeholder=\"Zadejte va\u0161\u00ed emailovou adresu\" \/><\/span>\n        <\/div>\n<\/div>\n<div class=\"form-group\">\n<div class=\"col-sm-offset-3 col-sm-10\">\n            <button type=\"submit\" name=\"submit\" class=\"button\">Odeslat formul\u00e1\u0159 <i class=\"fa fa-arrow-circle-right\" aria-hidden=\"true\"><\/i><\/button>\n        <\/div>\n<\/div>\n<\/article>\n<p style=\"display: none !important;\" class=\"akismet-fields-container\" data-prefix=\"_wpcf7_ak_\"><label>&#916;<textarea name=\"_wpcf7_ak_hp_textarea\" cols=\"45\" rows=\"8\" maxlength=\"100\"><\/textarea><\/label><input type=\"hidden\" id=\"ak_js_1\" name=\"_wpcf7_ak_js\" value=\"159\"\/><script>document.getElementById( \"ak_js_1\" ).setAttribute( \"value\", ( new Date() ).getTime() );<\/script><\/p><div class=\"wpcf7-response-output\" aria-hidden=\"true\"><\/div><\/form><\/div><\/p>","protected":false},"excerpt":{"rendered":"","protected":false},"author":1,"featured_media":0,"parent":11,"menu_order":0,"comment_status":"closed","ping_status":"closed","template":"page-form.php","meta":{"spay_email":""},"_links":{"self":[{"href":"https:\/\/www.flexilog.cz\/en\/wp-json\/wp\/v2\/pages\/60"}],"collection":[{"href":"https:\/\/www.flexilog.cz\/en\/wp-json\/wp\/v2\/pages"}],"about":[{"href":"https:\/\/www.flexilog.cz\/en\/wp-json\/wp\/v2\/types\/page"}],"author":[{"embeddable":true,"href":"https:\/\/www.flexilog.cz\/en\/wp-json\/wp\/v2\/users\/1"}],"replies":[{"embeddable":true,"href":"https:\/\/www.flexilog.cz\/en\/wp-json\/wp\/v2\/comments?post=60"}],"version-history":[{"count":0,"href":"https:\/\/www.flexilog.cz\/en\/wp-json\/wp\/v2\/pages\/60\/revisions"}],"up":[{"embeddable":true,"href":"https:\/\/www.flexilog.cz\/en\/wp-json\/wp\/v2\/pages\/11"}],"wp:attachment":[{"href":"https:\/\/www.flexilog.cz\/en\/wp-json\/wp\/v2\/media?parent=60"}],"curies":[{"name":"wp","href":"https:\/\/api.w.org\/{rel}","templated":true}]}}