{"id":60,"date":"2017-05-10T23:35:34","date_gmt":"2017-05-10T23:35:34","guid":{"rendered":"http:\/\/fl.opela.cz\/?page_id=60"},"modified":"2017-05-11T08:32:17","modified_gmt":"2017-05-11T08:32:17","slug":"kalkulace-dopravy","status":"publish","type":"page","link":"https:\/\/www.flexilog.cz\/de\/nase-sluzby\/kalkulace-dopravy\/","title":{"rendered":"Preiskalkulationen f\u00fchren"},"content":{"rendered":"<p><div role=\"form\" class=\"wpcf7\" id=\"wpcf7-f189-o2\" lang=\"en-US\" dir=\"ltr\">\n<div class=\"screen-reader-response\"><p role=\"status\" aria-live=\"polite\" aria-atomic=\"true\"><\/p> <ul><\/ul><\/div>\n<form action=\"\/de\/wp-json\/wp\/v2\/pages\/60#wpcf7-f189-o2\" method=\"post\" class=\"wpcf7-form init\" novalidate=\"novalidate\" data-status=\"init\">\n<div style=\"display: none;\">\n<input type=\"hidden\" name=\"_wpcf7\" value=\"189\" \/>\n<input type=\"hidden\" name=\"_wpcf7_version\" value=\"5.4\" \/>\n<input type=\"hidden\" name=\"_wpcf7_locale\" value=\"en_US\" \/>\n<input type=\"hidden\" name=\"_wpcf7_unit_tag\" value=\"wpcf7-f189-o2\" \/>\n<input type=\"hidden\" name=\"_wpcf7_container_post\" value=\"0\" \/>\n<input type=\"hidden\" name=\"_wpcf7_posted_data_hash\" value=\"\" \/>\n<\/div>\n<article class=\"form-horizontal\">\n<h2>Von<\/h2>\n<div class=\"form-group\">\n        <label for=\"f-city\" class=\"col-sm-offset-1 col-sm-2 control-label\">Stadt *<\/label><\/p>\n<div class=\"col-md-6\">\n            <span class=\"wpcf7-form-control-wrap from-city\"><input type=\"text\" name=\"from-city\" value=\"\" size=\"40\" class=\"wpcf7-form-control wpcf7-text wpcf7-validates-as-required form-control\" id=\"f-city\" aria-required=\"true\" aria-invalid=\"false\" placeholder=\"Der Name der Stadt, in der wir die Sendung abholen m\u00fcssen\" \/><\/span>\n        <\/div>\n<\/div>\n<div class=\"form-group\">\n        <label for=\"f-zip\" class=\"col-sm-offset-1 col-sm-2 control-label\">Postleitzahl *<\/label><\/p>\n<div class=\"col-md-6\">\n            <span class=\"wpcf7-form-control-wrap from-zip\"><input type=\"text\" name=\"from-zip\" value=\"\" size=\"40\" class=\"wpcf7-form-control wpcf7-text wpcf7-validates-as-required form-control\" id=\"f-zip\" aria-required=\"true\" aria-invalid=\"false\" placeholder=\"Postleitzahl eingeben\" \/><\/span>\n        <\/div>\n<\/div>\n<div class=\"form-group\">\n        <label for=\"f-country\" class=\"col-sm-offset-1 col-sm-2 control-label\">Land *<\/label><\/p>\n<div class=\"col-md-6\">\n            <select id=\"f-country\" name=\"from-country\" class=\"input-medium form-control bfh-countries\" data-country=\"CZ\"><\/select>\n        <\/div>\n<\/div>\n<div class=\"form-group\">\n        <label for=\"f-departure\" class=\"col-sm-offset-1 col-sm-2 control-label\">Datum *<\/label><\/p>\n<div class=\"col-md-6\">\n<div class=\"input-group datetimepicker\">\n                <span class=\"wpcf7-form-control-wrap from-departure\"><input type=\"text\" name=\"from-departure\" value=\"\" size=\"40\" class=\"wpcf7-form-control wpcf7-text wpcf7-validates-as-required form-control\" id=\"f-departure\" aria-required=\"true\" aria-invalid=\"false\" placeholder=\"W\u00e4hlen Sie die gew\u00fcnschte Abholdatum\" \/><\/span><br \/>\n                <span class=\"input-group-addon\"><span class=\"glyphicon glyphicon-calendar\" type=\"button\"><\/span><\/span>\n            <\/div>\n<\/div>\n<\/div>\n<h2>Nach<\/h2>\n<div class=\"form-group\">\n        <label for=\"w-city\" class=\"col-sm-offset-1 col-sm-2 control-label\">Stadt *<\/label><\/p>\n<div class=\"col-md-6\">\n            <span class=\"wpcf7-form-control-wrap wherever-city\"><input type=\"text\" name=\"wherever-city\" value=\"\" size=\"40\" class=\"wpcf7-form-control wpcf7-text wpcf7-validates-as-required form-control\" id=\"w-city\" aria-required=\"true\" aria-invalid=\"false\" placeholder=\"Der Name der Stadt, wo wir Waren liefern m\u00fcssen\" \/><\/span>\n        <\/div>\n<\/div>\n<div class=\"form-group\">\n        <label for=\"w-zip\" class=\"col-sm-offset-1 col-sm-2 control-label\">Postleitzahl *<\/label><\/p>\n<div class=\"col-md-6\">\n            <span class=\"wpcf7-form-control-wrap wherever-zip\"><input type=\"text\" name=\"wherever-zip\" value=\"\" size=\"40\" class=\"wpcf7-form-control wpcf7-text wpcf7-validates-as-required form-control\" id=\"w-zip\" aria-required=\"true\" aria-invalid=\"false\" placeholder=\"Postleitzahl eingeben\" \/><\/span>\n        <\/div>\n<\/div>\n<div class=\"form-group\">\n        <label for=\"w-country\" class=\"col-sm-offset-1 col-sm-2 control-label\">Land *<\/label><\/p>\n<div class=\"col-md-6\">\n            <select id=\"w-country\" name=\"wherever-country\" class=\"input-medium form-control bfh-countries\" data-country=\"CZ\"><\/select>\n        <\/div>\n<\/div>\n<div class=\"form-group\">\n        <label for=\"w-delivery\" class=\"col-sm-offset-1 col-sm-2 control-label\">Datum *<\/label><\/p>\n<div class=\"col-md-6\">\n<div class=\"input-group datetimepicker\">\n                <span class=\"wpcf7-form-control-wrap wherever-delivery\"><input type=\"text\" name=\"wherever-delivery\" value=\"\" size=\"40\" class=\"wpcf7-form-control wpcf7-text wpcf7-validates-as-required form-control\" id=\"w-delivery\" aria-required=\"true\" aria-invalid=\"false\" placeholder=\"Select the desired delivery date\" \/><\/span><br \/>\n                <span class=\"input-group-addon\"><span class=\"glyphicon glyphicon-calendar\" type=\"button\"><\/span><\/span>\n            <\/div>\n<\/div>\n<\/div>\n<h2>Die transportierte Ware<\/h2>\n<div class=\"form-group\">\n        <label for=\"g-type\" class=\"col-sm-offset-1 col-sm-2 control-label\">Verpackung Beschreibung *<\/label><\/p>\n<div class=\"col-md-6\">\n            <span class=\"wpcf7-form-control-wrap goods-type\"><input type=\"text\" name=\"goods-type\" value=\"\" size=\"40\" class=\"wpcf7-form-control wpcf7-text wpcf7-validates-as-required form-control\" id=\"g-type\" aria-required=\"true\" aria-invalid=\"false\" placeholder=\"Geben Sie, welche Art von Waren, die wir Transport\" \/><\/span>\n        <\/div>\n<\/div>\n<div class=\"form-group\">\n        <label for=\"g-packaging\" class=\"col-sm-offset-1 col-sm-2 control-label\">Packing description *<\/label><\/p>\n<div class=\"col-md-6\">\n            <span class=\"wpcf7-form-control-wrap goods-packaging\"><input type=\"text\" name=\"goods-packaging\" value=\"\" size=\"40\" class=\"wpcf7-form-control wpcf7-text wpcf7-validates-as-required form-control\" id=\"g-packaging\" aria-required=\"true\" aria-invalid=\"false\" placeholder=\"Bitte geben Sie an, wie die Lieferung beiliegt\" \/><\/span>\n        <\/div>\n<\/div>\n<div class=\"form-group\">\n        <label for=\"g-amount\" class=\"col-sm-offset-1 col-sm-2 control-label\">Menge *<\/label><\/p>\n<div class=\"col-md-6\">\n            <span class=\"wpcf7-form-control-wrap goods-amount\"><input type=\"text\" name=\"goods-amount\" value=\"\" size=\"40\" class=\"wpcf7-form-control wpcf7-text wpcf7-validates-as-required form-control\" id=\"g-amount\" aria-required=\"true\" aria-invalid=\"false\" placeholder=\"Geben Sie die Anzahl der Pakete\" \/><\/span>\n        <\/div>\n<\/div>\n<div class=\"form-group\">\n        <label for=\"g-size\" class=\"col-sm-offset-1 col-sm-2 control-label\">Dimmensions *<\/label><\/p>\n<div class=\"col-md-6\">\n            <span class=\"wpcf7-form-control-wrap goods-size\"><input type=\"text\" name=\"goods-size\" value=\"\" size=\"40\" class=\"wpcf7-form-control wpcf7-text wpcf7-validates-as-required form-control\" id=\"g-size\" aria-required=\"true\" aria-invalid=\"false\" placeholder=\"Geben Sie die dimmensions der Sendung\" \/><\/span>\n        <\/div>\n<\/div>\n<div class=\"form-group\">\n        <label for=\"g-weight\" class=\"col-sm-offset-1 col-sm-2 control-label\">Gesamtgewicht *<\/label><\/p>\n<div class=\"col-md-6\">\n            <span class=\"wpcf7-form-control-wrap goods-weight\"><input type=\"text\" name=\"goods-weight\" value=\"\" size=\"40\" class=\"wpcf7-form-control wpcf7-text wpcf7-validates-as-required form-control\" id=\"g-weight\" aria-required=\"true\" aria-invalid=\"false\" placeholder=\"Geben Sie das Gesamtgewicht der Sendung\" \/><\/span>\n        <\/div>\n<\/div>\n<div class=\"form-group\">\n        <label for=\"g-volume\" class=\"col-sm-offset-1 col-sm-2 control-label\">Volumen *<\/label><\/p>\n<div class=\"col-md-6\">\n            <span class=\"wpcf7-form-control-wrap goods-volume\"><input type=\"text\" name=\"goods-volume\" value=\"\" size=\"40\" class=\"wpcf7-form-control wpcf7-text wpcf7-validates-as-required form-control\" id=\"g-volume\" aria-required=\"true\" aria-invalid=\"false\" placeholder=\"Geben Sie das Volumen der Sendungen\" \/><\/span>\n        <\/div>\n<\/div>\n<h2>Zus\u00e4tzliche Information<\/h2>\n<div class=\"form-group\">\n<div class=\"col-xs-12\">\n            <textarea rows=\"8\" name=\"message\" id=\"message\" placeholder=\"Hier k\u00f6nnen Sie zus\u00e4tzliche Informationen \u00fcber Versand schreiben.\" class=\"form-control\"><\/textarea>\n        <\/div>\n<\/div>\n<h2>Wie k\u00f6nnen wir mit Ihnen in Verbindung<\/h2>\n<div class=\"form-group\">\n        <label for=\"phone\" class=\"col-sm-offset-1 col-sm-2 control-label\">Telefonnummer *<\/label><\/p>\n<div class=\"col-md-6\">\n            <span class=\"wpcf7-form-control-wrap phone\"><input type=\"tel\" name=\"phone\" value=\"\" size=\"40\" class=\"wpcf7-form-control wpcf7-text wpcf7-tel wpcf7-validates-as-required wpcf7-validates-as-tel form-control\" id=\"phone\" aria-required=\"true\" aria-invalid=\"false\" placeholder=\"Gib deine Telefonnummer ein\" \/><\/span>\n        <\/div>\n<\/div>\n<div class=\"form-group\">\n        <label for=\"email\" class=\"col-sm-offset-1 col-sm-2 control-label\">E-Mail-Addresse *<\/label><\/p>\n<div class=\"col-md-6\">\n            <span class=\"wpcf7-form-control-wrap email\"><input type=\"email\" name=\"email\" value=\"\" size=\"40\" class=\"wpcf7-form-control wpcf7-text wpcf7-email wpcf7-validates-as-required wpcf7-validates-as-email form-control\" id=\"email\" aria-required=\"true\" aria-invalid=\"false\" placeholder=\"Geben sie ihre E-Mailadresse ein\" \/><\/span>\n        <\/div>\n<\/div>\n<div class=\"form-group\">\n<div class=\"col-sm-offset-3 col-sm-10\">\n            <button type=\"submit\" name=\"submit\" class=\"button\">Sende Formular <i class=\"fa fa-arrow-circle-right\" aria-hidden=\"true\"><\/i><\/button>\n        <\/div>\n<\/div>\n<\/article>\n<p style=\"display: none !important;\" class=\"akismet-fields-container\" data-prefix=\"_wpcf7_ak_\"><label>&#916;<textarea name=\"_wpcf7_ak_hp_textarea\" cols=\"45\" rows=\"8\" maxlength=\"100\"><\/textarea><\/label><input type=\"hidden\" id=\"ak_js_2\" name=\"_wpcf7_ak_js\" value=\"214\"\/><script>document.getElementById( \"ak_js_2\" ).setAttribute( \"value\", ( new Date() ).getTime() );<\/script><\/p><div class=\"wpcf7-response-output\" aria-hidden=\"true\"><\/div><\/form><\/div><\/p>","protected":false},"excerpt":{"rendered":"","protected":false},"author":1,"featured_media":0,"parent":11,"menu_order":0,"comment_status":"closed","ping_status":"closed","template":"page-form.php","meta":{"spay_email":""},"_links":{"self":[{"href":"https:\/\/www.flexilog.cz\/de\/wp-json\/wp\/v2\/pages\/60"}],"collection":[{"href":"https:\/\/www.flexilog.cz\/de\/wp-json\/wp\/v2\/pages"}],"about":[{"href":"https:\/\/www.flexilog.cz\/de\/wp-json\/wp\/v2\/types\/page"}],"author":[{"embeddable":true,"href":"https:\/\/www.flexilog.cz\/de\/wp-json\/wp\/v2\/users\/1"}],"replies":[{"embeddable":true,"href":"https:\/\/www.flexilog.cz\/de\/wp-json\/wp\/v2\/comments?post=60"}],"version-history":[{"count":0,"href":"https:\/\/www.flexilog.cz\/de\/wp-json\/wp\/v2\/pages\/60\/revisions"}],"up":[{"embeddable":true,"href":"https:\/\/www.flexilog.cz\/de\/wp-json\/wp\/v2\/pages\/11"}],"wp:attachment":[{"href":"https:\/\/www.flexilog.cz\/de\/wp-json\/wp\/v2\/media?parent=60"}],"curies":[{"name":"wp","href":"https:\/\/api.w.org\/{rel}","templated":true}]}}