{"id":30,"date":"2017-05-10T04:58:30","date_gmt":"2017-05-10T04:58:30","guid":{"rendered":"http:\/\/fl.opela.cz\/?page_id=30"},"modified":"2018-02-18T21:17:51","modified_gmt":"2018-02-18T21:17:51","slug":"ekologicka-odpovednost","status":"publish","type":"page","link":"https:\/\/www.flexilog.cz\/de\/o-spolecnosti\/ekologicka-odpovednost\/","title":{"rendered":"Umweltfreundliche Versicherung"},"content":{"rendered":"<p><strong>Falls Sie flexibel sind, halten Sie Schritt mit der Zeit und somit denken Sie logischerweise an die Natur. Wie wir!<\/strong><\/p>\n<p>Sowie andere Autos, emittieren auch unsere Lastkraftwagen erhebliche Menge CO2 w\u00e4hrend des Transports von Ihren Waren. Das ist zwar notwendig f\u00fcr Pflanzen, die das absorbieren und aus ihm den Sauerstoff produzieren, aber was zu arg ist, ist zu arg.<\/p>\n<p>Weil unter unsere Priorit\u00e4ten au\u00dfer der Professionalit\u00e4t, der Zuverl\u00e4ssigkeit und des gewissenhaften Transports von Ihren Waren auch ein positiver Beitrag zur Umwelt geh\u00f6rt, haben wir die Entscheidung getroffen, im Nationalpark Riesengebirge einen neuen Baum zu pflanzen, und zwar f\u00fcr jeden f\u00fcr Sie durchgef\u00fchrten Auftrag.<\/p>\n<p>Kommen Sie und beteiligen Sie sich an Verminderungen der Kohlen f\u00e4hrte durch Gr\u00fcnbepflanzung gemeinsam mit unserer Gesellschaft FlexiLog a.s., die als erste am tschechischen Verkehrsmarkt diesen Schritt verwirklicht hat.<\/p>\n<p>Mit der Liebe und der Verantwortlichkeit f\u00fcr die Umwelt, Ihr Transportpartner<\/p>","protected":false},"excerpt":{"rendered":"<p>Falls Sie flexibel sind, halten Sie Schritt mit der Zeit und somit denken Sie logischerweise an die Natur. Wie wir! Sowie andere Autos, emittieren auch unsere Lastkraftwagen erhebliche Menge CO2 w\u00e4hrend des Transports von Ihren Waren. Das ist zwar notwendig f\u00fcr Pflanzen, die das absorbieren und aus ihm den Sauerstoff produzieren, aber was zu arg [&hellip;]<\/p>\n","protected":false},"author":1,"featured_media":0,"parent":22,"menu_order":0,"comment_status":"closed","ping_status":"closed","template":"page-eco.php","meta":{"spay_email":""},"_links":{"self":[{"href":"https:\/\/www.flexilog.cz\/de\/wp-json\/wp\/v2\/pages\/30"}],"collection":[{"href":"https:\/\/www.flexilog.cz\/de\/wp-json\/wp\/v2\/pages"}],"about":[{"href":"https:\/\/www.flexilog.cz\/de\/wp-json\/wp\/v2\/types\/page"}],"author":[{"embeddable":true,"href":"https:\/\/www.flexilog.cz\/de\/wp-json\/wp\/v2\/users\/1"}],"replies":[{"embeddable":true,"href":"https:\/\/www.flexilog.cz\/de\/wp-json\/wp\/v2\/comments?post=30"}],"version-history":[{"count":0,"href":"https:\/\/www.flexilog.cz\/de\/wp-json\/wp\/v2\/pages\/30\/revisions"}],"up":[{"embeddable":true,"href":"https:\/\/www.flexilog.cz\/de\/wp-json\/wp\/v2\/pages\/22"}],"wp:attachment":[{"href":"https:\/\/www.flexilog.cz\/de\/wp-json\/wp\/v2\/media?parent=30"}],"curies":[{"name":"wp","href":"https:\/\/api.w.org\/{rel}","templated":true}]}}