{"id":26,"date":"2017-05-10T04:57:33","date_gmt":"2017-05-10T04:57:33","guid":{"rendered":"http:\/\/fl.opela.cz\/?page_id=26"},"modified":"2024-09-16T20:38:34","modified_gmt":"2024-09-16T20:38:34","slug":"politika-kvality","status":"publish","type":"page","link":"https:\/\/www.flexilog.cz\/de\/o-spolecnosti\/politika-kvality\/","title":{"rendered":"Politik der Qualit\u00e4t"},"content":{"rendered":"<p><strong>Die Politik der Qualit\u00e4t ist in unserer Gesellschaft von einem System der innerbetrieblichen Vorschriften und Richtlinien gesichert, die wir regelm\u00e4\u00dfig auswerten. Wir sind laut \u010cSN EN ISO 9001: 2009 zertifiziert.<\/strong>\n\n<a href=\"\/wp-content\/uploads\/2020\/06\/SKMBT_C25320062609020.pdf\"><i class=\"fa fa-file-pdf-o\" aria-hidden=\"true\"><\/i> Zertifikat ISO <\/a>\n\nRealisierung und Kontrolle jedes Transports \u2013 von Bestellung bis zu Zustellung sichern erfahrene Disponenten\nWir erfordern immer direkten Kontakt mit einem Fahrer, der uns exakte Kontrolle von Verlauf des Transports erm\u00f6glicht\n\nUnsere Hauptlieferanten sind mit der Satelliten- oder GPS-Verfolgung des Wagenparks ausger\u00fcstet\n\nWir sind f\u00e4hig regelm\u00e4\u00dfig die Prozent des Erfolgs in Bereitstellung von Dienstleistungen bei jedem konkreten Kunden, jedem unserer Disponent und konkreten Frachtf\u00fchrer zu auswerten Zufriedenheit der Kunden und Angestellten ist unseres Hauptziel\n\nWir sind Mitglied des Bundes von Spedition und Logistik\n<!--\n<a href=\"\/wp-content\/uploads\/2017\/05\/flexilog-SSL.pdf\"><i class=\"fa fa-file-pdf-o\"><\/i> Zertifikat Mitgliedschaft in SSL <\/a> --\/>\n<\/p>","protected":false},"excerpt":{"rendered":"<p>Die Politik der Qualit\u00e4t ist in unserer Gesellschaft von einem System der innerbetrieblichen Vorschriften und Richtlinien gesichert, die wir regelm\u00e4\u00dfig auswerten. Wir sind laut \u010cSN EN ISO 9001: 2009 zertifiziert. Zertifikat ISO Realisierung und Kontrolle jedes Transports \u2013 von Bestellung bis zu Zustellung sichern erfahrene Disponenten Wir erfordern immer direkten Kontakt mit einem Fahrer, der [&hellip;]<\/p>\n","protected":false},"author":1,"featured_media":0,"parent":22,"menu_order":0,"comment_status":"closed","ping_status":"closed","template":"page-form.php","meta":{"spay_email":""},"_links":{"self":[{"href":"https:\/\/www.flexilog.cz\/de\/wp-json\/wp\/v2\/pages\/26"}],"collection":[{"href":"https:\/\/www.flexilog.cz\/de\/wp-json\/wp\/v2\/pages"}],"about":[{"href":"https:\/\/www.flexilog.cz\/de\/wp-json\/wp\/v2\/types\/page"}],"author":[{"embeddable":true,"href":"https:\/\/www.flexilog.cz\/de\/wp-json\/wp\/v2\/users\/1"}],"replies":[{"embeddable":true,"href":"https:\/\/www.flexilog.cz\/de\/wp-json\/wp\/v2\/comments?post=26"}],"version-history":[{"count":7,"href":"https:\/\/www.flexilog.cz\/de\/wp-json\/wp\/v2\/pages\/26\/revisions"}],"predecessor-version":[{"id":1335,"href":"https:\/\/www.flexilog.cz\/de\/wp-json\/wp\/v2\/pages\/26\/revisions\/1335"}],"up":[{"embeddable":true,"href":"https:\/\/www.flexilog.cz\/de\/wp-json\/wp\/v2\/pages\/22"}],"wp:attachment":[{"href":"https:\/\/www.flexilog.cz\/de\/wp-json\/wp\/v2\/media?parent=26"}],"curies":[{"name":"wp","href":"https:\/\/api.w.org\/{rel}","templated":true}]}}