{"id":24,"date":"2017-05-10T04:57:05","date_gmt":"2017-05-10T04:57:05","guid":{"rendered":"http:\/\/fl.opela.cz\/?page_id=24"},"modified":"2024-09-16T20:33:12","modified_gmt":"2024-09-16T20:33:12","slug":"o-nas","status":"publish","type":"page","link":"https:\/\/www.flexilog.cz\/de\/o-spolecnosti\/o-nas\/","title":{"rendered":"\u00dcber uns"},"content":{"rendered":"<p>FlexiLog a.s. geh\u00f6rt zu den bedeutendsten Anbieter der komplexen Transport und Logistikdienstleistungen in der Tschechischen Republik. Das Ziel von unserer Gesellschaft ist professionell den Transport der Waren und Dienstleistungen damit verbunden zu sichern, hier geh\u00f6ren insbesondere der internationale Frachtverkehr auf den Stra\u03b2en, der innerstaatliche Frachtverkehr auf den Stra\u03b2en, Lagerung, Manipulation mit den Waren, Etikettierung, Verpackung, Distribution der Waren an Kunden und Seeverkehr und Flugverkehr da zu.<\/p>\n<p>Unsere Hauptdom\u00e4ne ist absolute Professionalit\u00e4t, individuelle Einstellung und seri\u00f6se Handlung mit jedem Klienten.<\/p>\n<p><a href=\"\/wp-content\/uploads\/2020\/06\/FLEXILOG-CZ-nov\u00fd-v\u00fdpis-z-OR-1.1.2020.pdf\"><i class=\"fa fa-file-pdf-o\" aria-hidden=\"true\"><\/i> Auszug aus dem gesch\u00e4ftlichen Register<\/a><br \/>\n<a href=\"\/wp-content\/uploads\/2020\/06\/DI\u010c-FlexiLog-CZ.pdf\"><i class=\"fa fa-file-pdf-o\" aria-hidden=\"true\"><\/i> Registration der Schutzmarke<\/a><br \/>\n<a href=\"\/wp-content\/uploads\/2017\/05\/osvzap.pdf\"><i class=\"fa fa-file-pdf-o\" aria-hidden=\"true\"><\/i> Best\u00e4tigung \u00fcber die MwSt-Registrierung <\/a><br \/>\n<a href=\"\/wp-content\/uploads\/2017\/05\/osvzap.pdf\"><i class=\"fa fa-file-pdf-o\" aria-hidden=\"true\"><\/i> Osv\u011bd\u010den\u00ed o z\u00e1pisu ochrann\u00e9 zn\u00e1mky<\/a><br \/><\/p>","protected":false},"excerpt":{"rendered":"<p>FlexiLog a.s. geh\u00f6rt zu den bedeutendsten Anbieter der komplexen Transport und Logistikdienstleistungen in der Tschechischen Republik. Das Ziel von unserer Gesellschaft ist professionell den Transport der Waren und Dienstleistungen damit verbunden zu sichern, hier geh\u00f6ren insbesondere der internationale Frachtverkehr auf den Stra\u03b2en, der innerstaatliche Frachtverkehr auf den Stra\u03b2en, Lagerung, Manipulation mit den Waren, Etikettierung, Verpackung, [&hellip;]<\/p>\n","protected":false},"author":1,"featured_media":0,"parent":22,"menu_order":0,"comment_status":"closed","ping_status":"closed","template":"page-about.php","meta":{"spay_email":""},"_links":{"self":[{"href":"https:\/\/www.flexilog.cz\/de\/wp-json\/wp\/v2\/pages\/24"}],"collection":[{"href":"https:\/\/www.flexilog.cz\/de\/wp-json\/wp\/v2\/pages"}],"about":[{"href":"https:\/\/www.flexilog.cz\/de\/wp-json\/wp\/v2\/types\/page"}],"author":[{"embeddable":true,"href":"https:\/\/www.flexilog.cz\/de\/wp-json\/wp\/v2\/users\/1"}],"replies":[{"embeddable":true,"href":"https:\/\/www.flexilog.cz\/de\/wp-json\/wp\/v2\/comments?post=24"}],"version-history":[{"count":11,"href":"https:\/\/www.flexilog.cz\/de\/wp-json\/wp\/v2\/pages\/24\/revisions"}],"predecessor-version":[{"id":1334,"href":"https:\/\/www.flexilog.cz\/de\/wp-json\/wp\/v2\/pages\/24\/revisions\/1334"}],"up":[{"embeddable":true,"href":"https:\/\/www.flexilog.cz\/de\/wp-json\/wp\/v2\/pages\/22"}],"wp:attachment":[{"href":"https:\/\/www.flexilog.cz\/de\/wp-json\/wp\/v2\/media?parent=24"}],"curies":[{"name":"wp","href":"https:\/\/api.w.org\/{rel}","templated":true}]}}