{"id":18,"date":"2017-05-10T04:54:14","date_gmt":"2017-05-10T04:54:14","guid":{"rendered":"http:\/\/fl.opela.cz\/?page_id=18"},"modified":"2017-05-11T07:37:41","modified_gmt":"2017-05-11T07:37:41","slug":"namorni-preprava","status":"publish","type":"page","link":"https:\/\/www.flexilog.cz\/de\/nase-sluzby\/namorni-preprava\/","title":{"rendered":"Seeverkehr"},"content":{"rendered":"<p>Seetransporte von ganzcontainer Sendungen in 20 &#8222;und 40&#8220; Container<\/p>\n<p>Seetransporte von kleineren St\u00fccksendungen<\/p>\n<p>Im Fall Ihres Bed\u00fcrfnisses sichern wir eine Optimalvariante von Seetransport von ganzcontainer Sendungen FCL und auch St\u00fccksendungen LCL<\/p>\n<p>Transport sichern wir allen europ\u00e4ischen Hafen zum Bestimmungsort auf der ganzen Welt<\/p>\n<p>Wir sichern Zollabfertigungen, Logistik und Distribution<\/p>\n<p>Wir nutzen moderne Informationstechnologie und Effektivintegration auf Stra\u00dfen- und Flugtransport<br \/>\n<\/p>","protected":false},"excerpt":{"rendered":"<p>Seetransporte von ganzcontainer Sendungen in 20 &#8222;und 40&#8220; Container Seetransporte von kleineren St\u00fccksendungen Im Fall Ihres Bed\u00fcrfnisses sichern wir eine Optimalvariante von Seetransport von ganzcontainer Sendungen FCL und auch St\u00fccksendungen LCL Transport sichern wir allen europ\u00e4ischen Hafen zum Bestimmungsort auf der ganzen Welt Wir sichern Zollabfertigungen, Logistik und Distribution Wir nutzen moderne Informationstechnologie und Effektivintegration [&hellip;]<\/p>\n","protected":false},"author":1,"featured_media":0,"parent":11,"menu_order":0,"comment_status":"closed","ping_status":"closed","template":"page-services.php","meta":{"spay_email":""},"_links":{"self":[{"href":"https:\/\/www.flexilog.cz\/de\/wp-json\/wp\/v2\/pages\/18"}],"collection":[{"href":"https:\/\/www.flexilog.cz\/de\/wp-json\/wp\/v2\/pages"}],"about":[{"href":"https:\/\/www.flexilog.cz\/de\/wp-json\/wp\/v2\/types\/page"}],"author":[{"embeddable":true,"href":"https:\/\/www.flexilog.cz\/de\/wp-json\/wp\/v2\/users\/1"}],"replies":[{"embeddable":true,"href":"https:\/\/www.flexilog.cz\/de\/wp-json\/wp\/v2\/comments?post=18"}],"version-history":[{"count":1,"href":"https:\/\/www.flexilog.cz\/de\/wp-json\/wp\/v2\/pages\/18\/revisions"}],"predecessor-version":[{"id":19,"href":"https:\/\/www.flexilog.cz\/de\/wp-json\/wp\/v2\/pages\/18\/revisions\/19"}],"up":[{"embeddable":true,"href":"https:\/\/www.flexilog.cz\/de\/wp-json\/wp\/v2\/pages\/11"}],"wp:attachment":[{"href":"https:\/\/www.flexilog.cz\/de\/wp-json\/wp\/v2\/media?parent=18"}],"curies":[{"name":"wp","href":"https:\/\/api.w.org\/{rel}","templated":true}]}}