{"id":16,"date":"2017-05-10T04:52:56","date_gmt":"2017-05-10T04:52:56","guid":{"rendered":"http:\/\/fl.opela.cz\/?page_id=16"},"modified":"2017-05-11T10:05:45","modified_gmt":"2017-05-11T10:05:45","slug":"komplexni-logisticke-sluzby","status":"publish","type":"page","link":"https:\/\/www.flexilog.cz\/de\/nase-sluzby\/komplexni-logisticke-sluzby\/","title":{"rendered":"Komplexe Logistikdienstleistungen"},"content":{"rendered":"<p><span id=\"result_box\" class=\"\" lang=\"de\"><span class=\"\">Ma\u00dfgeschneiderte Logistikprojekte<\/span><\/span><\/p>\n<p><span id=\"result_box\" class=\"\" lang=\"de\"><span class=\"\">Lagerung, Manipulation und Verteilung Ihrer Waren<\/span><\/span><\/p>\n<p><span id=\"result_box\" class=\"\" lang=\"de\"><span class=\"\">Zus\u00e4tzliche Dienstleistungen &#8211; Verpackung, Markierung von Waren, Umpacken, Gruppierung, Nachf\u00fcllen, &#8230;<\/span><\/span><\/p>","protected":false},"excerpt":{"rendered":"<p>Ma\u00dfgeschneiderte Logistikprojekte Lagerung, Manipulation und Verteilung Ihrer Waren Zus\u00e4tzliche Dienstleistungen &#8211; Verpackung, Markierung von Waren, Umpacken, Gruppierung, Nachf\u00fcllen, &#8230;<\/p>\n","protected":false},"author":1,"featured_media":0,"parent":11,"menu_order":0,"comment_status":"closed","ping_status":"closed","template":"page-services.php","meta":{"spay_email":""},"_links":{"self":[{"href":"https:\/\/www.flexilog.cz\/de\/wp-json\/wp\/v2\/pages\/16"}],"collection":[{"href":"https:\/\/www.flexilog.cz\/de\/wp-json\/wp\/v2\/pages"}],"about":[{"href":"https:\/\/www.flexilog.cz\/de\/wp-json\/wp\/v2\/types\/page"}],"author":[{"embeddable":true,"href":"https:\/\/www.flexilog.cz\/de\/wp-json\/wp\/v2\/users\/1"}],"replies":[{"embeddable":true,"href":"https:\/\/www.flexilog.cz\/de\/wp-json\/wp\/v2\/comments?post=16"}],"version-history":[{"count":1,"href":"https:\/\/www.flexilog.cz\/de\/wp-json\/wp\/v2\/pages\/16\/revisions"}],"predecessor-version":[{"id":17,"href":"https:\/\/www.flexilog.cz\/de\/wp-json\/wp\/v2\/pages\/16\/revisions\/17"}],"up":[{"embeddable":true,"href":"https:\/\/www.flexilog.cz\/de\/wp-json\/wp\/v2\/pages\/11"}],"wp:attachment":[{"href":"https:\/\/www.flexilog.cz\/de\/wp-json\/wp\/v2\/media?parent=16"}],"curies":[{"name":"wp","href":"https:\/\/api.w.org\/{rel}","templated":true}]}}