{"id":14,"date":"2017-05-10T04:51:33","date_gmt":"2017-05-10T04:51:33","guid":{"rendered":"http:\/\/fl.opela.cz\/?page_id=14"},"modified":"2017-05-11T10:06:05","modified_gmt":"2017-05-11T10:06:05","slug":"silnicni-preprava","status":"publish","type":"page","link":"https:\/\/www.flexilog.cz\/de\/nase-sluzby\/silnicni-preprava\/","title":{"rendered":"Stra\u03b2enverkehr"},"content":{"rendered":"<p>Mehr als 18.000 Transportf\u00e4lle j\u00e4hrlich in ganz Europa<br \/>\nDie Wagenparks von unseren Dauerpartnern machen mehr als 250 Wageneinheiten von allen Typen &#8211; von kleineren Wagen mit 1,5 Tonne Tragf\u00e4higkeit, \u00fcber Lkws Typ \u201elowdeck\u201c mit 25 Tonnen  Tragf\u00e4higkeit, bis zu gro\u00dfvolummenm\u00e4\u00dfige  Garnitur 120 cbm<br \/>\nGanzwagensendungen in Regime&#8220;just in time&#8220; von 1 kg bis 25.000 kg in EU L\u00e4ndern und au\u00dfer EU L\u00e4ndern<br \/>\nGanzwagensendungen von 1 kg bis 25.000 kg im Ramen der Tschechische Republik liefern wir bis 24 Stunden<\/p>\n<ul>\n<li>Expresssendungen<\/li>\n<li>Teilsendungen<\/li>\n<li>Sammeldienst<\/li>\n<li>Kombinationstransport<\/li>\n<li>Transport von Waren unter gesteuerten Temperatur<\/li>\n<li>Schwerer und \u00fcberger\u00e4umiger Transport<\/li>\n<li>Transporte ADR<\/li>\n<li>Zollabfertigung, Lagerdienstleistungen<\/li>\n<\/ul>\n<p><\/p>","protected":false},"excerpt":{"rendered":"<p>Mehr als 18.000 Transportf\u00e4lle j\u00e4hrlich in ganz Europa Die Wagenparks von unseren Dauerpartnern machen mehr als 250 Wageneinheiten von allen Typen &#8211; von kleineren Wagen mit 1,5 Tonne Tragf\u00e4higkeit, \u00fcber Lkws Typ \u201elowdeck\u201c mit 25 Tonnen Tragf\u00e4higkeit, bis zu gro\u00dfvolummenm\u00e4\u00dfige Garnitur 120 cbm Ganzwagensendungen in Regime&#8220;just in time&#8220; von 1 kg bis 25.000 kg in [&hellip;]<\/p>\n","protected":false},"author":1,"featured_media":0,"parent":11,"menu_order":0,"comment_status":"closed","ping_status":"closed","template":"page-services.php","meta":{"spay_email":""},"_links":{"self":[{"href":"https:\/\/www.flexilog.cz\/de\/wp-json\/wp\/v2\/pages\/14"}],"collection":[{"href":"https:\/\/www.flexilog.cz\/de\/wp-json\/wp\/v2\/pages"}],"about":[{"href":"https:\/\/www.flexilog.cz\/de\/wp-json\/wp\/v2\/types\/page"}],"author":[{"embeddable":true,"href":"https:\/\/www.flexilog.cz\/de\/wp-json\/wp\/v2\/users\/1"}],"replies":[{"embeddable":true,"href":"https:\/\/www.flexilog.cz\/de\/wp-json\/wp\/v2\/comments?post=14"}],"version-history":[{"count":1,"href":"https:\/\/www.flexilog.cz\/de\/wp-json\/wp\/v2\/pages\/14\/revisions"}],"predecessor-version":[{"id":15,"href":"https:\/\/www.flexilog.cz\/de\/wp-json\/wp\/v2\/pages\/14\/revisions\/15"}],"up":[{"embeddable":true,"href":"https:\/\/www.flexilog.cz\/de\/wp-json\/wp\/v2\/pages\/11"}],"wp:attachment":[{"href":"https:\/\/www.flexilog.cz\/de\/wp-json\/wp\/v2\/media?parent=14"}],"curies":[{"name":"wp","href":"https:\/\/api.w.org\/{rel}","templated":true}]}}